{"id":59,"date":"2024-04-22T20:01:31","date_gmt":"2024-04-22T18:01:31","guid":{"rendered":"https:\/\/pco-tnd64.fr\/?page_id=59"},"modified":"2024-04-22T20:01:31","modified_gmt":"2024-04-22T18:01:31","slug":"troubles-du-neuro-developpement","status":"publish","type":"page","link":"https:\/\/pco-tnd64.fr\/index.php\/troubles-du-neuro-developpement\/","title":{"rendered":"TROUBLES DU NEURO D\u00c9VELOPPEMENT ?"},"content":{"rendered":"\n<p>\u00ab\u00a0Les troubles du neuro d\u00e9veloppement (TND) sont des troubles qui apparaissent d\u00e8s l\u2019enfance. Ils se caract\u00e9risent par une perturbation du d\u00e9veloppement cognitif et\/ou affectif, entra\u00eenant un important retentissement sur le fonctionnement adaptatif, scolaire, social et familial\u00a0\u00bb<\/p>\n\n\n\n<blockquote class=\"wp-block-quote is-layout-flow wp-block-quote-is-layout-flow\">\n<p>Source\u00a0: <a href=\"https:\/\/handicap.gouv.fr\/autisme-et-troubles-du-neuro-developpement\/comprendre-l-autisme-au-sein-des-troubles-du-neuro-developpement\/qu-est-ce-que-l-autisme\/article\/autisme-definition-et-signes-d-alerte\"><strong>https:\/\/handicap.gouv.fr\/autisme-et-troubles-du-neuro-developpement\/comprendre-l-autisme-au-sein-des-troubles-du-neuro-developpement\/qu-est-ce-que-l-autisme\/article\/autisme-definition-et-signes-d-alerte<\/strong><\/a><\/p>\n<\/blockquote>\n\n\n\n<h3 class=\"wp-block-heading\"><strong>Les TND d\u00e9butent durant la p\u00e9riode du d\u00e9veloppement et regroupent :<\/strong><\/h3>\n\n\n\n<ul class=\"wp-block-list\">\n<li>Les handicaps intellectuels (trouble du d\u00e9veloppement intellectuel) ;<\/li>\n\n\n\n<li>Les troubles de la communication<\/li>\n\n\n\n<li>le trouble du spectre de l\u2019autisme<\/li>\n\n\n\n<li>Le trouble sp\u00e9cifique des apprentissages (lecture, expression \u00e9crite et d\u00e9ficit du calcul)<\/li>\n\n\n\n<li>Les troubles moteurs (trouble d\u00e9veloppemental de la coordination, mouvements st\u00e9r\u00e9otyp\u00e9s, tics)<\/li>\n\n\n\n<li>Le d\u00e9ficit de l\u2019attention\/hyperactivit\u00e9<\/li>\n\n\n\n<li>Les autres TND, sp\u00e9cifi\u00e9s\u00a0(par exemple TND associ\u00e9 \u00e0 une exposition pr\u00e9natale \u00e0 l\u2019alcool), ou non sp\u00e9cifi\u00e9s.<\/li>\n<\/ul>\n\n\n\n<h3 class=\"wp-block-heading\"><strong>Les signes d\u2019appel des TND\u00a0:<\/strong><\/h3>\n\n\n\n<p>\u00ab&nbsp;Les signes d\u2019appel objectivent des d\u00e9calages des acquisitions par rapport \u00e0 la population g\u00e9n\u00e9rale \u00e0 l\u2019aide des grilles des acquisitions du carnet de sant\u00e9. Il est recommand\u00e9 de rechercher des signes d\u2019appel dans le cadre de l\u2019examen m\u00e9dical effectu\u00e9 \u00e0 chaque examen obligatoire selon le calendrier du carnet de sant\u00e9 en corrigeant pour l\u2019\u00e2ge du terme chez les enfants n\u00e9s pr\u00e9matur\u00e9ment, et ce jusqu\u2019\u00e0 l\u2019\u00e2ge chronologique de 2 ans.<\/p>\n\n\n\n<p>Cette recherche sera faite par le m\u00e9decin traitant, ou par le m\u00e9decin de PMI ou le m\u00e9decin scolaire dans le cadre des visites syst\u00e9matiques effectu\u00e9es \u00e0 l\u2019\u00e9cole.<\/p>\n\n\n\n<p>Quel que soit l\u2019\u00e2ge, toute inqui\u00e9tude des parents concernant le neuro d\u00e9veloppement de leur enfant doit \u00eatre consid\u00e9r\u00e9e comme un signe d\u2019appel (AE). Il en est de m\u00eame pour toute r\u00e9gression ou non-progression des acquisitions. (AE)&nbsp;\u00bb<\/p>\n\n\n\n<div data-wp-interactive=\"core\/file\" class=\"wp-block-file\"><object data-wp-bind--hidden=\"!state.hasPdfPreview\" hidden class=\"wp-block-file__embed\" data=\"https:\/\/pco-tnd64.fr\/wp-content\/uploads\/2024\/04\/Grille-de-reperage-TND.pdf\" type=\"application\/pdf\" style=\"width:100%;height:796px\" aria-label=\"Contenu embarqu\u00e9 Grille-de-rep\u00e9rage-TND.\"><\/object><a id=\"wp-block-file--media-e695cc78-0130-403e-878e-7472a2e0cf89\" href=\"https:\/\/pco-tnd64.fr\/wp-content\/uploads\/2024\/04\/Grille-de-reperage-TND.pdf\">Grille-de-rep\u00e9rage-TND<\/a><a href=\"https:\/\/pco-tnd64.fr\/wp-content\/uploads\/2024\/04\/Grille-de-reperage-TND.pdf\" class=\"wp-block-file__button wp-element-button\" download aria-describedby=\"wp-block-file--media-e695cc78-0130-403e-878e-7472a2e0cf89\">T\u00e9l\u00e9charger<\/a><\/div>\n\n\n\n<p>\u00ab\u00a0Les signes d\u2019alerte correspondent \u00e0 une d\u00e9viation importante de la trajectoire d\u00e9veloppementale et n\u00e9cessitent une orientation rapide \u00e0 vis\u00e9e diagnostique\u00a0\u00bb<\/p>\n\n\n\n<blockquote class=\"wp-block-quote is-layout-flow wp-block-quote-is-layout-flow\">\n<p>Source<em>\u00a0:\u00a0<\/em><a href=\"https:\/\/www.has-sante.fr\/jcms\/p_3161334\/fr\/troubles-du-neurodeveloppement-reperage-et-orientation-des-enfants-a-risque\"><strong>https:\/\/www.has-sante.fr\/jcms\/p_3161334\/fr\/troubles-du-neurodeveloppement-reperage-et-orientation-des-enfants-a-risque<\/strong><\/a><\/p>\n<\/blockquote>\n","protected":false},"excerpt":{"rendered":"<p>\u00ab\u00a0Les troubles du neuro d\u00e9veloppement (TND) sont des troubles qui apparaissent d\u00e8s l\u2019enfance. Ils se caract\u00e9risent par une perturbation du d\u00e9veloppement cognitif et\/ou affectif, entra\u00eenant un important retentissement sur le fonctionnement adaptatif, scolaire, social et familial\u00a0\u00bb Source\u00a0: https:\/\/handicap.gouv.fr\/autisme-et-troubles-du-neuro-developpement\/comprendre-l-autisme-au-sein-des-troubles-du-neuro-developpement\/qu-est-ce-que-l-autisme\/article\/autisme-definition-et-signes-d-alerte Les TND [&hellip;]<\/p>\n","protected":false},"author":1,"featured_media":0,"parent":0,"menu_order":0,"comment_status":"closed","ping_status":"closed","template":"","meta":{"footnotes":""},"class_list":["post-59","page","type-page","status-publish","hentry"],"_links":{"self":[{"href":"https:\/\/pco-tnd64.fr\/index.php\/wp-json\/wp\/v2\/pages\/59","targetHints":{"allow":["GET"]}}],"collection":[{"href":"https:\/\/pco-tnd64.fr\/index.php\/wp-json\/wp\/v2\/pages"}],"about":[{"href":"https:\/\/pco-tnd64.fr\/index.php\/wp-json\/wp\/v2\/types\/page"}],"author":[{"embeddable":true,"href":"https:\/\/pco-tnd64.fr\/index.php\/wp-json\/wp\/v2\/users\/1"}],"replies":[{"embeddable":true,"href":"https:\/\/pco-tnd64.fr\/index.php\/wp-json\/wp\/v2\/comments?post=59"}],"version-history":[{"count":1,"href":"https:\/\/pco-tnd64.fr\/index.php\/wp-json\/wp\/v2\/pages\/59\/revisions"}],"predecessor-version":[{"id":60,"href":"https:\/\/pco-tnd64.fr\/index.php\/wp-json\/wp\/v2\/pages\/59\/revisions\/60"}],"wp:attachment":[{"href":"https:\/\/pco-tnd64.fr\/index.php\/wp-json\/wp\/v2\/media?parent=59"}],"curies":[{"name":"wp","href":"https:\/\/api.w.org\/{rel}","templated":true}]}}