{"id":44,"date":"2024-04-22T19:41:04","date_gmt":"2024-04-22T17:41:04","guid":{"rendered":"https:\/\/pco-tnd64.fr\/?page_id=44"},"modified":"2024-11-18T10:59:59","modified_gmt":"2024-11-18T09:59:59","slug":"documents-a-telecharger","status":"publish","type":"page","link":"https:\/\/pco-tnd64.fr\/index.php\/documents-a-telecharger\/","title":{"rendered":"DOCUMENTS \u00c0 T\u00c9L\u00c9CHARGER"},"content":{"rendered":"\n<div data-wp-interactive=\"core\/file\" class=\"wp-block-file\"><object data-wp-bind--hidden=\"!state.hasPdfPreview\" hidden class=\"wp-block-file__embed\" data=\"https:\/\/pco-tnd64.fr\/wp-content\/uploads\/2024\/04\/Questionnaire-medical-et-formulaire-dadressage-aux-PCO-TND-64-version-mai-2023.pdf\" type=\"application\/pdf\" style=\"width:100%;height:600px\" aria-label=\"Contenu embarqu\u00e9 Questionnaire-medical-et-formulaire-dadressage-aux-PCO-TND-64-version-mai-2023.\"><\/object><a id=\"wp-block-file--media-1362cb04-ad0a-4a82-8dbd-a66d2eb0162d\" href=\"https:\/\/pco-tnd64.fr\/wp-content\/uploads\/2024\/04\/Questionnaire-medical-et-formulaire-dadressage-aux-PCO-TND-64-version-mai-2023.pdf\" target=\"_blank\" rel=\"noreferrer noopener\">Questionnaire-medical-et-formulaire-dadressage-aux-PCO-TND-64-version-mai-2023<\/a><a href=\"https:\/\/pco-tnd64.fr\/wp-content\/uploads\/2024\/04\/Questionnaire-medical-et-formulaire-dadressage-aux-PCO-TND-64-version-mai-2023.pdf\" class=\"wp-block-file__button wp-element-button\" download aria-describedby=\"wp-block-file--media-1362cb04-ad0a-4a82-8dbd-a66d2eb0162d\">T\u00e9l\u00e9charger<\/a><\/div>\n\n\n\n<div data-wp-interactive=\"core\/file\" class=\"wp-block-file\"><object data-wp-bind--hidden=\"!state.hasPdfPreview\" hidden class=\"wp-block-file__embed\" data=\"https:\/\/pco-tnd64.fr\/wp-content\/uploads\/2024\/09\/Livret-de-reperage-Nouvelle-version-remplissable-en-ligne-1.pdf\" type=\"application\/pdf\" style=\"width:100%;height:600px\" aria-label=\"Contenu embarqu\u00e9 Livret de rep\u00e9rage - Nouvelle version (remplissable en ligne).\"><\/object><a id=\"wp-block-file--media-02bc8191-dac1-4f96-b23d-bd9020f28000\" href=\"https:\/\/pco-tnd64.fr\/wp-content\/uploads\/2024\/09\/Livret-de-reperage-Nouvelle-version-remplissable-en-ligne-1.pdf\">Livret de rep\u00e9rage &#8211; Nouvelle version (remplissable en ligne)<\/a><a href=\"https:\/\/pco-tnd64.fr\/wp-content\/uploads\/2024\/09\/Livret-de-reperage-Nouvelle-version-remplissable-en-ligne-1.pdf\" class=\"wp-block-file__button wp-element-button\" download aria-describedby=\"wp-block-file--media-02bc8191-dac1-4f96-b23d-bd9020f28000\">T\u00e9l\u00e9charger<\/a><\/div>\n\n\n\n<div class=\"wp-block-media-text is-stacked-on-mobile\"><figure class=\"wp-block-media-text__media\"><img loading=\"lazy\" decoding=\"async\" width=\"500\" height=\"500\" src=\"https:\/\/pco-tnd64.fr\/wp-content\/uploads\/2024\/04\/PostitAttention.png\" alt=\"\" class=\"wp-image-50 size-full\" srcset=\"https:\/\/pco-tnd64.fr\/wp-content\/uploads\/2024\/04\/PostitAttention.png 500w, https:\/\/pco-tnd64.fr\/wp-content\/uploads\/2024\/04\/PostitAttention-300x300.png 300w, https:\/\/pco-tnd64.fr\/wp-content\/uploads\/2024\/04\/PostitAttention-150x150.png 150w\" sizes=\"auto, (max-width: 500px) 100vw, 500px\" \/><\/figure><div class=\"wp-block-media-text__content\">\n<p class=\"has-medium-font-size\"><strong>Le dossier est complet lorsque ces deux documents sont compl\u00e9t\u00e9s et transmis \u00e0 la plateforme.<\/strong><\/p>\n<\/div><\/div>\n\n\n\n<p>\u00c0 nous adresser par mail :<\/p>\n\n\n\n<ul class=\"wp-block-list\">\n<li>pour l\u2019antenne Navarre \u2013 C\u00f4te basque :&nbsp;<a href=\"mailto:antennecotebasque@pco-tnd64.fr\" target=\"_blank\" rel=\"noreferrer noopener\"><strong>antennecotebasque@pco-tnd64.fr<\/strong><\/a><\/li>\n\n\n\n<li>pour l\u2019antenne Bearn et Soule:\u00a0<strong><a href=\"Mailto:antennebearn@pco-tnd64.fr\" data-type=\"link\" data-id=\"antennebearn@pco-tnd64.fr\">antennebearn@pco-tnd64.fr<\/a><\/strong><a href=\"http:\/\/pco-tnd64.fr\/index.php\/documents-a-telecharger\/antennebearn@pco-tnd64.fr\"><strong>\u00a0<\/strong><\/a><\/li>\n<\/ul>\n\n\n\n<p>Plus d\u2019informations :<\/p>\n\n\n\n<p><strong>Plateforme de Coordination et d\u2019Orientation TND 64<\/strong><a href=\"https:\/\/pco-tnd64.fr\/wp-content\/uploads\/2024\/11\/Plaquette-PCO-TND-64.pdf\" target=\"_blank\" rel=\"noreferrer noopener\">   <\/a><a href=\"https:\/\/pco-tnd64.fr\/wp-content\/uploads\/2024\/11\/Plaquette-PCO-TND-64.pdf\" target=\"_blank\" rel=\"noreferrer noopener\">T\u00e9l\u00e9charger<\/a><\/p>\n\n\n\n<div class=\"wp-block-file\"><a id=\"wp-block-file--media-597484a5-059e-4477-b7af-0c4a77f0742e\" href=\"https:\/\/pco-tnd64.fr\/wp-content\/uploads\/2024\/04\/tnd_fiche_technique_medecin_2020.pdf\" target=\"_blank\" rel=\"noreferrer noopener\">tnd_fiche_technique_medecin_2020<\/a><a href=\"https:\/\/pco-tnd64.fr\/wp-content\/uploads\/2024\/04\/tnd_fiche_technique_medecin_2020.pdf\" class=\"wp-block-file__button wp-element-button\" download aria-describedby=\"wp-block-file--media-597484a5-059e-4477-b7af-0c4a77f0742e\">T\u00e9l\u00e9charger<\/a><\/div>\n\n\n\n<div class=\"wp-block-file\"><a id=\"wp-block-file--media-c85c0af1-bacb-493e-b639-bec1e89fde86\" href=\"https:\/\/pco-tnd64.fr\/wp-content\/uploads\/2024\/04\/tnd_fiche_technique_medecin_2020.pdf\" target=\"_blank\" rel=\"noreferrer noopener\">tnd_fiche_technique_medecin_2020<\/a><a href=\"https:\/\/pco-tnd64.fr\/wp-content\/uploads\/2024\/04\/tnd_fiche_technique_medecin_2020.pdf\" class=\"wp-block-file__button wp-element-button\" download aria-describedby=\"wp-block-file--media-c85c0af1-bacb-493e-b639-bec1e89fde86\">T\u00e9l\u00e9charger<\/a><\/div>\n\n\n\n<ul class=\"wp-block-list\">\n<li><a href=\"https:\/\/handicap.gouv.fr\/autisme-et-troubles-du-neuro-developpement\/comprendre-l-autisme-au-sein-des-troubles-du-neuro-developpement\/qu-est-ce-que-l-autisme\/article\/autisme-definition-et-signes-d-alerte\"><strong>https:\/\/handicap.gouv.fr\/autisme-et-troubles-du-neuro-developpement\/comprendre-l-autisme-au-sein-des-troubles-du-neuro-developpement\/qu-est-ce-que-l-autisme\/article\/autisme-definition-et-signes-d-alerte<\/strong><\/a><\/li>\n\n\n\n<li><a href=\"https:\/\/www.enfant-different.org\/decouverte-annonce-du-handicap\/limportance-du-medecin-referent\"><strong>https:\/\/www.enfant-different.org\/decouverte-annonce-du-handicap\/limportance-du-medecin-referent<\/strong><\/a><\/li>\n<\/ul>\n","protected":false},"excerpt":{"rendered":"<p>Le dossier est complet lorsque ces deux documents sont compl\u00e9t\u00e9s et transmis \u00e0 la plateforme. \u00c0 nous adresser par mail : Plus d\u2019informations : Plateforme de Coordination et d\u2019Orientation TND 64 T\u00e9l\u00e9charger<\/p>\n","protected":false},"author":1,"featured_media":0,"parent":0,"menu_order":0,"comment_status":"closed","ping_status":"closed","template":"","meta":{"footnotes":""},"class_list":["post-44","page","type-page","status-publish","hentry"],"_links":{"self":[{"href":"https:\/\/pco-tnd64.fr\/index.php\/wp-json\/wp\/v2\/pages\/44","targetHints":{"allow":["GET"]}}],"collection":[{"href":"https:\/\/pco-tnd64.fr\/index.php\/wp-json\/wp\/v2\/pages"}],"about":[{"href":"https:\/\/pco-tnd64.fr\/index.php\/wp-json\/wp\/v2\/types\/page"}],"author":[{"embeddable":true,"href":"https:\/\/pco-tnd64.fr\/index.php\/wp-json\/wp\/v2\/users\/1"}],"replies":[{"embeddable":true,"href":"https:\/\/pco-tnd64.fr\/index.php\/wp-json\/wp\/v2\/comments?post=44"}],"version-history":[{"count":6,"href":"https:\/\/pco-tnd64.fr\/index.php\/wp-json\/wp\/v2\/pages\/44\/revisions"}],"predecessor-version":[{"id":85,"href":"https:\/\/pco-tnd64.fr\/index.php\/wp-json\/wp\/v2\/pages\/44\/revisions\/85"}],"wp:attachment":[{"href":"https:\/\/pco-tnd64.fr\/index.php\/wp-json\/wp\/v2\/media?parent=44"}],"curies":[{"name":"wp","href":"https:\/\/api.w.org\/{rel}","templated":true}]}}